{"id":9759,"date":"2026-02-18T07:56:03","date_gmt":"2026-02-18T07:56:03","guid":{"rendered":"https:\/\/dreamingsanmarinosongcontest.com\/?page_id=9759"},"modified":"2026-02-18T10:14:23","modified_gmt":"2026-02-18T10:14:23","slug":"semifinali-info7nh9gh5pr4xv7nf","status":"publish","type":"page","link":"https:\/\/dreamingsanmarinosongcontest.com\/fr\/semifinali-info7nh9gh5pr4xv7nf\/","title":{"rendered":"Demi-finales-Info"},"content":{"rendered":"<div id=\"fws_69e1d6ebdac9d\"  data-column-margin=\"default\" data-midnight=\"dark\" data-top-percent=\"15%\"  class=\"wpb_row vc_row-fluid vc_row full-width-section\"  style=\"padding-top: calc(100vw * 0.15); padding-bottom: 0px; \"><div class=\"row-bg-wrap\" data-bg-animation=\"none\" data-bg-animation-delay=\"\" data-bg-overlay=\"true\"><div class=\"inner-wrap row-bg-layer using-image\" ><div class=\"row-bg viewport-desktop using-image\"  style=\"background-image: url(https:\/\/dreamingsanmarinosongcontest.com\/wp-content\/uploads\/2025\/09\/SanreMarino.jpg); background-position: center center; background-repeat: no-repeat; \"><\/div><\/div><div class=\"row-bg-overlay row-bg-layer\" style=\"background-color:#000000;  opacity: 0.5; \"><\/div><\/div><div class=\"row_col_wrap_12 col span_12 dark left\">\n\t<div  class=\"vc_col-sm-12 wpb_column column_container vc_column_container col no-extra-padding inherit_tablet inherit_phone flex_gap_desktop_10px\"  data-padding-pos=\"all\" data-has-bg-color=\"false\" data-bg-color=\"\" data-bg-opacity=\"1\" data-animation=\"\" data-delay=\"0\" >\n\t\t<div class=\"vc_column-inner\" >\n\t\t\t<div class=\"wpb_wrapper\">\n\t\t\t\t<h1 style=\"color: #ffffff;text-align: center\" class=\"vc_custom_heading vc_do_custom_heading\" >Info Semifinali<\/h1>\n\t\t\t<\/div> \n\t\t<\/div>\n\t<\/div> \n<\/div><\/div>\n\t\t<div id=\"fws_69e1d6ebdc1e8\"  data-column-margin=\"default\" data-midnight=\"dark\" data-top-percent=\"3%\" data-bottom-percent=\"3%\"  class=\"wpb_row vc_row-fluid vc_row\"  style=\"padding-top: calc(100vw * 0.03); padding-bottom: calc(100vw * 0.03); \"><div class=\"row-bg-wrap\" data-bg-animation=\"none\" data-bg-animation-delay=\"\" data-bg-overlay=\"false\"><div class=\"inner-wrap row-bg-layer\" ><div class=\"row-bg viewport-desktop\"  style=\"\"><\/div><\/div><\/div><div class=\"row_col_wrap_12 col span_12 dark left\">\n\t<div  class=\"vc_col-sm-3 wpb_column column_container vc_column_container col no-extra-padding inherit_tablet inherit_phone flex_gap_desktop_10px\"  data-padding-pos=\"all\" data-has-bg-color=\"false\" data-bg-color=\"\" data-bg-opacity=\"1\" data-animation=\"\" data-delay=\"0\" >\n\t\t<div class=\"vc_column-inner\" >\n\t\t\t<div class=\"wpb_wrapper\">\n\t\t\t\t<div class=\"img-with-aniamtion-wrap\" data-max-width=\"100%\" data-max-width-mobile=\"default\" data-shadow=\"none\" data-animation=\"none\" >\n      <div class=\"inner\">\n        <div class=\"hover-wrap\"> \n          <div class=\"hover-wrap-inner\">\n            <img loading=\"lazy\" decoding=\"async\" class=\"img-with-animation skip-lazy\" data-delay=\"0\" height=\"343\" width=\"830\" data-animation=\"none\" src=\"https:\/\/dreamingsanmarinosongcontest.com\/wp-content\/uploads\/2025\/09\/Logo-DSMSC-blu.png\" alt=\"\" srcset=\"https:\/\/dreamingsanmarinosongcontest.com\/wp-content\/uploads\/2025\/09\/Logo-DSMSC-blu.png 830w, https:\/\/dreamingsanmarinosongcontest.com\/wp-content\/uploads\/2025\/09\/Logo-DSMSC-blu-300x124.png 300w, https:\/\/dreamingsanmarinosongcontest.com\/wp-content\/uploads\/2025\/09\/Logo-DSMSC-blu-768x317.png 768w, https:\/\/dreamingsanmarinosongcontest.com\/wp-content\/uploads\/2025\/09\/Logo-DSMSC-blu-18x7.png 18w\" sizes=\"auto, (max-width: 830px) 100vw, 830px\" \/>\n          <\/div>\n        <\/div>\n        \n      <\/div>\n    <\/div>\n\t\t\t<\/div> \n\t\t<\/div>\n\t<\/div> \n\n\t<div  class=\"vc_col-sm-9 wpb_column column_container vc_column_container col no-extra-padding inherit_tablet inherit_phone flex_gap_desktop_10px\"  data-padding-pos=\"all\" data-has-bg-color=\"false\" data-bg-color=\"\" data-bg-opacity=\"1\" data-animation=\"\" data-delay=\"0\" >\n\t\t<div class=\"vc_column-inner\" >\n\t\t\t<div class=\"wpb_wrapper\">\n\t\t\t\t<script type=\"text\/javascript\">\n\/* <![CDATA[ *\/\nvar gform;gform||(document.addEventListener(\"gform_main_scripts_loaded\",function(){gform.scriptsLoaded=!0}),document.addEventListener(\"gform\/theme\/scripts_loaded\",function(){gform.themeScriptsLoaded=!0}),window.addEventListener(\"DOMContentLoaded\",function(){gform.domLoaded=!0}),gform={domLoaded:!1,scriptsLoaded:!1,themeScriptsLoaded:!1,isFormEditor:()=>\"function\"==typeof InitializeEditor,callIfLoaded:function(o){return!(!gform.domLoaded||!gform.scriptsLoaded||!gform.themeScriptsLoaded&&!gform.isFormEditor()||(gform.isFormEditor()&&console.warn(\"The use of gform.initializeOnLoaded() is deprecated in the form editor context and will be removed in Gravity Forms 3.1.\"),o(),0))},initializeOnLoaded:function(o){gform.callIfLoaded(o)||(document.addEventListener(\"gform_main_scripts_loaded\",()=>{gform.scriptsLoaded=!0,gform.callIfLoaded(o)}),document.addEventListener(\"gform\/theme\/scripts_loaded\",()=>{gform.themeScriptsLoaded=!0,gform.callIfLoaded(o)}),window.addEventListener(\"DOMContentLoaded\",()=>{gform.domLoaded=!0,gform.callIfLoaded(o)}))},hooks:{action:{},filter:{}},addAction:function(o,r,e,t){gform.addHook(\"action\",o,r,e,t)},addFilter:function(o,r,e,t){gform.addHook(\"filter\",o,r,e,t)},doAction:function(o){gform.doHook(\"action\",o,arguments)},applyFilters:function(o){return gform.doHook(\"filter\",o,arguments)},removeAction:function(o,r){gform.removeHook(\"action\",o,r)},removeFilter:function(o,r,e){gform.removeHook(\"filter\",o,r,e)},addHook:function(o,r,e,t,n){null==gform.hooks[o][r]&&(gform.hooks[o][r]=[]);var d=gform.hooks[o][r];null==n&&(n=r+\"_\"+d.length),gform.hooks[o][r].push({tag:n,callable:e,priority:t=null==t?10:t})},doHook:function(r,o,e){var t;if(e=Array.prototype.slice.call(e,1),null!=gform.hooks[r][o]&&((o=gform.hooks[r][o]).sort(function(o,r){return o.priority-r.priority}),o.forEach(function(o){\"function\"!=typeof(t=o.callable)&&(t=window[t]),\"action\"==r?t.apply(null,e):e[0]=t.apply(null,e)})),\"filter\"==r)return e[0]},removeHook:function(o,r,t,n){var e;null!=gform.hooks[o][r]&&(e=(e=gform.hooks[o][r]).filter(function(o,r,e){return!!(null!=n&&n!=o.tag||null!=t&&t!=o.priority)}),gform.hooks[o][r]=e)}});\n\/* ]]> *\/\n<\/script>\n\n                <div class='gf_browser_gecko gform_wrapper gform_legacy_markup_wrapper gform-theme--no-framework' data-form-theme='legacy' data-form-index='0' id='gform_wrapper_73' >\n                        <div class='gform_heading'>\n                            <h3 class=\"gform_title\">2026 - Modulo Semifinali<\/h3>\n                        <\/div><form method='post' enctype='multipart\/form-data'  id='gform_73'  action='\/fr\/wp-json\/wp\/v2\/pages\/9759' data-formid='73' novalidate data-trp-original-action=\"\/fr\/wp-json\/wp\/v2\/pages\/9759\">\n                        <div class='gform-body gform_body'><ul id='gform_fields_73' class='gform_fields top_label form_sublabel_below description_below validation_below'><li id=\"field_73_22\" class=\"gfield gfield--type-name gfield--input-type-name gfield--width-full gfield_contains_required field_sublabel_below gfield--no-description field_description_below field_validation_below gfield_visibility_visible\"  ><label class='gfield_label gform-field-label gfield_label_before_complex' >Nom<span class=\"gfield_required\"><span class=\"gfield_required gfield_required_asterisk\">*<\/span><\/span><\/label><div class='ginput_complex ginput_container ginput_container--name no_prefix has_first_name no_middle_name has_last_name no_suffix gf_name_has_2 ginput_container_name gform-grid-row' id='input_73_22'>\n                            \n                            <span id='input_73_22_3_container' class='name_first gform-grid-col gform-grid-col--size-auto' >\n                                                    <input type='text' name='input_22.3' id='input_73_22_3' value=''   aria-required='true'     \/>\n                                                    <label for='input_73_22_3' class='gform-field-label gform-field-label--type-sub'>Pr\u00e9nom<\/label>\n                                                <\/span>\n                            \n                            <span id='input_73_22_6_container' class='name_last gform-grid-col gform-grid-col--size-auto' >\n                                                    <input type='text' name='input_22.6' id='input_73_22_6' value=''   aria-required='true'     \/>\n                                                    <label for='input_73_22_6' class='gform-field-label gform-field-label--type-sub'>Nom<\/label>\n                                                <\/span>\n                            \n                        <\/div><\/li><li id=\"field_73_32\" class=\"gfield gfield--type-email gfield--input-type-email gfield--width-full gfield_contains_required field_sublabel_below gfield--no-description field_description_below field_validation_below gfield_visibility_visible\"  ><label class='gfield_label gform-field-label' for='input_73_32'>E-mail<span class=\"gfield_required\"><span class=\"gfield_required gfield_required_asterisk\">*<\/span><\/span><\/label><div class='ginput_container ginput_container_email'>\n                            <input name='input_32' id='input_73_32' type='email' value='' class='large'    aria-required=\"true\" aria-invalid=\"false\"  \/>\n                        <\/div><\/li><li id=\"field_73_33\" class=\"gfield gfield--type-phone gfield--input-type-phone gfield--width-full gfield_contains_required field_sublabel_below gfield--no-description field_description_below field_validation_below gfield_visibility_visible\"  ><label class='gfield_label gform-field-label' for='input_73_33'>T\u00e9l\u00e9phone<span class=\"gfield_required\"><span class=\"gfield_required gfield_required_asterisk\">*<\/span><\/span><\/label><div class='ginput_container ginput_container_phone'><input name='input_33' id='input_73_33' type='tel' value='' class='large'   aria-required=\"true\" aria-invalid=\"false\"   \/><\/div><\/li><li id=\"field_73_11\" class=\"gfield gfield--type-text gfield--input-type-text gfield_contains_required field_sublabel_below gfield--has-description field_description_above field_validation_below gfield_visibility_visible\"  ><label class='gfield_label gform-field-label' for='input_73_11'>Nome artistico<span class=\"gfield_required\"><span class=\"gfield_required gfield_required_asterisk\">*<\/span><\/span><\/label><div class='gfield_description' id='gfield_description_73_11'>sp\u00e9cifie le nom de sc\u00e8ne - le pr\u00e9nom et le nom de famille peuvent \u00eatre r\u00e9ins\u00e9r\u00e9s en l'absence de nom de sc\u00e8ne<\/div><div class='ginput_container ginput_container_text'><input name='input_11' id='input_73_11' type='text' value='' class='large'  aria-describedby=\"gfield_description_73_11\"   aria-required=\"true\" aria-invalid=\"false\"   \/><\/div><\/li><li id=\"field_73_18\" class=\"gfield gfield--type-select gfield--input-type-select gfield_contains_required field_sublabel_below gfield--has-description field_description_above field_validation_below gfield_visibility_visible\"  ><label class='gfield_label gform-field-label' for='input_73_18'>Nombre de composants<span class=\"gfield_required\"><span class=\"gfield_required gfield_required_asterisk\">*<\/span><\/span><\/label><div class='gfield_description' id='gfield_description_73_18'>Indica tutti i componenti della band - per i solisti va indicato il numero TOTALE delle persone che partecipano all'esibizione, solista + numero componenti band di supporto MAX 6 persone<\/div><div class='ginput_container ginput_container_select'><select name='input_18' id='input_73_18' class='large gfield_select'  aria-describedby=\"gfield_description_73_18\"  aria-required=\"true\" aria-invalid=\"false\" ><option value='' ><\/option><option value='1' >1<\/option><option value='2' >2<\/option><option value='3' >3<\/option><option value='4' >4<\/option><option value='5' >5<\/option><option value='6' >6<\/option><\/select><\/div><\/li><li id=\"field_73_34\" class=\"gfield gfield--type-select gfield--input-type-select gfield--width-full gfield_contains_required field_sublabel_below gfield--has-description field_description_above field_validation_below gfield_visibility_visible\"  ><label class='gfield_label gform-field-label' for='input_73_34'>Numero di accompagnatori<span class=\"gfield_required\"><span class=\"gfield_required gfield_required_asterisk\">*<\/span><\/span><\/label><div class='gfield_description' id='gfield_description_73_34'>MAX 2 persone<\/div><div class='ginput_container ginput_container_select'><select name='input_34' id='input_73_34' class='large gfield_select'  aria-describedby=\"gfield_description_73_34\"  aria-required=\"true\" aria-invalid=\"false\" ><option value='' ><\/option><option value='1' >1<\/option><option value='2' >2<\/option><\/select><\/div><\/li><li id=\"field_73_35\" class=\"gfield gfield--type-fileupload gfield--input-type-fileupload gfield--width-full field_sublabel_below gfield--has-description field_description_below field_validation_below gfield_visibility_visible\"  ><label class='gfield_label gform-field-label' for='input_73_35'>Scheda tecnica<\/label><div class='ginput_container ginput_container_fileupload'><input type='hidden' name='MAX_FILE_SIZE' value='16777216' \/><input name='input_35' id='input_73_35' type='file' class='large' aria-describedby=\"gfield_upload_rules_73_35 gfield_description_73_35\" onchange='javascript:gformValidateFileSize( this, 16777216 );'  \/><span class='gfield_description gform_fileupload_rules' id='gfield_upload_rules_73_35'>Taille max. des fichiers\u00a0: 16 MB.<\/span><div class='gfield_description validation_message gfield_validation_message validation_message--hidden-on-empty' id='live_validation_message_73_35'><\/div> <\/div><div class='gfield_description' id='gfield_description_73_35'>Carica scheda tecnica<\/div><\/li><li id=\"field_73_36\" class=\"gfield gfield--type-website gfield--input-type-website gfield--width-full field_sublabel_below gfield--has-description field_description_below field_validation_below gfield_visibility_visible\"  ><label class='gfield_label gform-field-label' for='input_73_36'>Base musicale<\/label><div class='ginput_container ginput_container_website'>\n                    <input name='input_36' id='input_73_36' type='url' value='' class='large'  aria-describedby=\"gfield_description_73_36\"  placeholder='https:\/\/'  aria-invalid=\"false\" \/>\n                <\/div><div class='gfield_description' id='gfield_description_73_36'>Base musicale (link di download obbligatorio)\nLa base musicale deve essere inviata esclusivamente tramite link di download generato da un servizio di trasferimento file o cloud.\nIl link deve essere:\n\t\u2022\tpubblico o condiviso con accesso consentito, senza necessit\u00e0 di richiesta permessi manuale\n\t\u2022\tattivo e funzionante\n\t\u2022\tcon scadenza non inferiore a 15 giorni dalla data di invio (consigliato: \u201csenza scadenza\u201d)\n\t\u2022\tcon download abilitato (non solo streaming)\n\nNel messaggio indica anche: Nome Artista \u2013 Titolo brano \u2013 Categoria\/Sezione.\n\nEsempi di servizi accettati (non esaustivi):\nWeTransfer, Dropbox, Google Drive, OneDrive, iCloud Drive, Box, Mega, pCloud, SwissTransfer.<\/div><\/li><li id=\"field_73_28\" class=\"gfield gfield--type-checkbox gfield--type-choice gfield--input-type-checkbox gfield--width-full gfield_contains_required field_sublabel_below gfield--no-description field_description_below field_validation_below gfield_visibility_visible\"  ><label class='gfield_label gform-field-label gfield_label_before_complex' >Intimit\u00e9<span class=\"gfield_required\"><span class=\"gfield_required gfield_required_asterisk\">*<\/span><\/span><\/label><div class='ginput_container ginput_container_checkbox'><ul class='gfield_checkbox' id='input_73_28'><li class='gchoice gchoice_73_28_1'>\n\t\t\t\t\t\t\t\t<input class='gfield-choice-input' name='input_28.1' type='checkbox'  value='Acconsento al trattamento dei dati secondo la &lt;a href=&quot;\/index.php\/cookie-e-privacy\/&quot; target=&quot;\u201d_blank\u201d&quot;&gt;normativa privacy&lt;\/a&gt; ai sensi dell&#039;art. 13 della Legge 171 del 2018'  id='choice_73_28_1'   \/>\n\t\t\t\t\t\t\t\t<label for='choice_73_28_1' id='label_73_28_1' class='gform-field-label gform-field-label--type-inline'>Je consens au traitement des donn\u00e9es conform\u00e9ment \u00e0 <a href=\"\/index.php\/cookie-e-privacy\/\" target=\"\u201d_blank\u201d\">l\u00e9gislation sur la protection de la vie priv\u00e9e<\/a> conform\u00e9ment \u00e0 l&#039;art. 13 de la loi 171 de 2018<\/label>\n\t\t\t\t\t\t\t<\/li><\/ul><\/div><\/li><\/ul><\/div>\n        <div class='gform-footer gform_footer top_label'> <input type='submit' id='gform_submit_button_73' class='gform_button button' onclick='gform.submission.handleButtonClick(this);' data-submission-type='submit' value='soumettre'  \/> \n            <input type='hidden' class='gform_hidden' name='gform_submission_method' data-js='gform_submission_method_73' value='postback' \/>\n            <input type='hidden' class='gform_hidden' name='gform_theme' data-js='gform_theme_73' id='gform_theme_73' value='legacy' \/>\n            <input type='hidden' class='gform_hidden' name='gform_style_settings' data-js='gform_style_settings_73' id='gform_style_settings_73' value='[]' \/>\n            <input type='hidden' class='gform_hidden' name='is_submit_73' value='1' \/>\n            <input type='hidden' class='gform_hidden' name='gform_submit' value='73' \/>\n            \n            <input type='hidden' class='gform_hidden' name='gform_unique_id' value='' \/>\n            <input type='hidden' class='gform_hidden' name='state_73' value='WyJbXSIsImEzOGZmOGUyYzdiODMzZWEwYjAwOTRhOTA3MzU5NmI0Il0=' \/>\n            <input type='hidden' autocomplete='off' class='gform_hidden' name='gform_target_page_number_73' id='gform_target_page_number_73' value='0' \/>\n            <input type='hidden' autocomplete='off' class='gform_hidden' name='gform_source_page_number_73' id='gform_source_page_number_73' value='1' \/>\n            <input type='hidden' name='gform_field_values' value='' \/>\n            \n        <\/div>\n                        <input type=\"hidden\" name=\"trp-form-language\" value=\"fr\"\/><\/form>\n                        <\/div><script type=\"text\/javascript\">\n\/* <![CDATA[ *\/\n gform.initializeOnLoaded( function() {gformInitSpinner( 73, 'https:\/\/dreamingsanmarinosongcontest.com\/wp-content\/plugins\/gravityforms\/images\/spinner.svg', true );jQuery('#gform_ajax_frame_73').on('load',function(){var contents = jQuery(this).contents().find('*').html();var is_postback = contents.indexOf('GF_AJAX_POSTBACK') >= 0;if(!is_postback){return;}var form_content = jQuery(this).contents().find('#gform_wrapper_73');var is_confirmation = jQuery(this).contents().find('#gform_confirmation_wrapper_73').length > 0;var is_redirect = contents.indexOf('gformRedirect(){') >= 0;var is_form = form_content.length > 0 && ! is_redirect && ! is_confirmation;var mt = parseInt(jQuery('html').css('margin-top'), 10) + parseInt(jQuery('body').css('margin-top'), 10) + 100;if(is_form){jQuery('#gform_wrapper_73').html(form_content.html());if(form_content.hasClass('gform_validation_error')){jQuery('#gform_wrapper_73').addClass('gform_validation_error');} else {jQuery('#gform_wrapper_73').removeClass('gform_validation_error');}setTimeout( function() { \/* delay the scroll by 50 milliseconds to fix a bug in chrome *\/  }, 50 );if(window['gformInitDatepicker']) {gformInitDatepicker();}if(window['gformInitPriceFields']) {gformInitPriceFields();}var current_page = jQuery('#gform_source_page_number_73').val();gformInitSpinner( 73, 'https:\/\/dreamingsanmarinosongcontest.com\/wp-content\/plugins\/gravityforms\/images\/spinner.svg', true );jQuery(document).trigger('gform_page_loaded', [73, current_page]);window['gf_submitting_73'] = false;}else if(!is_redirect){var confirmation_content = jQuery(this).contents().find('.GF_AJAX_POSTBACK').html();if(!confirmation_content){confirmation_content = contents;}jQuery('#gform_wrapper_73').replaceWith(confirmation_content);jQuery(document).trigger('gform_confirmation_loaded', [73]);window['gf_submitting_73'] = false;wp.a11y.speak(jQuery('#gform_confirmation_message_73').text());}else{jQuery('#gform_73').append(contents);if(window['gformRedirect']) {gformRedirect();}}jQuery(document).trigger(\"gform_pre_post_render\", [{ formId: \"73\", currentPage: \"current_page\", abort: function() { this.preventDefault(); } }]);        if (event && event.defaultPrevented) {                return;        }        const gformWrapperDiv = document.getElementById( \"gform_wrapper_73\" );        if ( gformWrapperDiv ) {            const visibilitySpan = document.createElement( \"span\" );            visibilitySpan.id = \"gform_visibility_test_73\";            gformWrapperDiv.insertAdjacentElement( \"afterend\", visibilitySpan );        }        const visibilityTestDiv = document.getElementById( \"gform_visibility_test_73\" );        let postRenderFired = false;        function triggerPostRender() {            if ( postRenderFired ) {                return;            }            postRenderFired = true;            gform.core.triggerPostRenderEvents( 73, current_page );            if ( visibilityTestDiv ) {                visibilityTestDiv.parentNode.removeChild( visibilityTestDiv );            }        }        function debounce( func, wait, immediate ) {            var timeout;            return function() {                var context = this, args = arguments;                var later = function() {                    timeout = null;                    if ( !immediate ) func.apply( context, args );                };                var callNow = immediate && !timeout;                clearTimeout( timeout );                timeout = setTimeout( later, wait );                if ( callNow ) func.apply( context, args );            };        }        const debouncedTriggerPostRender = debounce( function() {            triggerPostRender();        }, 200 );        if ( visibilityTestDiv && visibilityTestDiv.offsetParent === null ) {            const observer = new MutationObserver( ( mutations ) => {                mutations.forEach( ( mutation ) => {                    if ( mutation.type === 'attributes' && visibilityTestDiv.offsetParent !== null ) {                        debouncedTriggerPostRender();                        observer.disconnect();                    }                });            });            observer.observe( document.body, {                attributes: true,                childList: false,                subtree: true,                attributeFilter: [ 'style', 'class' ],            });        } else {            triggerPostRender();        }    } );} ); \n\/* ]]> *\/\n<\/script>\n\n\t\t\t<\/div> \n\t\t<\/div>\n\t<\/div> \n<\/div><\/div>","protected":false},"excerpt":{"rendered":"Info Semifinali 2026 - Modulo Semifinali Nome* Pr\u00e9nom Nom Email* Telefono*Nome artistico*specifica il nome d'arte - pu\u00f2 essere inserito nuovamente il nome e cognome anagrafico in assenza di nome d'arteNumero...","protected":false},"author":5,"featured_media":0,"parent":0,"menu_order":0,"comment_status":"closed","ping_status":"closed","template":"","meta":{"footnotes":""},"class_list":["post-9759","page","type-page","status-publish"],"_links":{"self":[{"href":"https:\/\/dreamingsanmarinosongcontest.com\/fr\/wp-json\/wp\/v2\/pages\/9759","targetHints":{"allow":["GET"]}}],"collection":[{"href":"https:\/\/dreamingsanmarinosongcontest.com\/fr\/wp-json\/wp\/v2\/pages"}],"about":[{"href":"https:\/\/dreamingsanmarinosongcontest.com\/fr\/wp-json\/wp\/v2\/types\/page"}],"author":[{"embeddable":true,"href":"https:\/\/dreamingsanmarinosongcontest.com\/fr\/wp-json\/wp\/v2\/users\/5"}],"replies":[{"embeddable":true,"href":"https:\/\/dreamingsanmarinosongcontest.com\/fr\/wp-json\/wp\/v2\/comments?post=9759"}],"version-history":[{"count":3,"href":"https:\/\/dreamingsanmarinosongcontest.com\/fr\/wp-json\/wp\/v2\/pages\/9759\/revisions"}],"predecessor-version":[{"id":9762,"href":"https:\/\/dreamingsanmarinosongcontest.com\/fr\/wp-json\/wp\/v2\/pages\/9759\/revisions\/9762"}],"wp:attachment":[{"href":"https:\/\/dreamingsanmarinosongcontest.com\/fr\/wp-json\/wp\/v2\/media?parent=9759"}],"curies":[{"name":"wp","href":"https:\/\/api.w.org\/{rel}","templated":true}]}}