{"id":8436,"date":"2022-10-17T12:44:45","date_gmt":"2022-10-17T12:44:45","guid":{"rendered":"https:\/\/www.unavocepersanmarino.com\/?page_id=8436"},"modified":"2022-10-17T12:44:45","modified_gmt":"2022-10-17T12:44:45","slug":"informativa-sui-cookie","status":"publish","type":"page","link":"https:\/\/dreamingsanmarinosongcontest.com\/fr\/informativa-sui-cookie\/","title":{"rendered":"Politique de cookies"},"content":{"rendered":"<h2>COOKIE<\/h2>\n<p>Pour rendre notre site plus facile et plus intuitif, nous utilisons des cookies. Les cookies sont de petits \u00e9l\u00e9ments de donn\u00e9es qui nous permettent de comparer les nouveaux et les anciens visiteurs et de comprendre comment les utilisateurs naviguent sur notre site. Nous utilisons les donn\u00e9es collect\u00e9es par les cookies pour rendre votre exp\u00e9rience de navigation plus agr\u00e9able et plus efficace \u00e0 l'avenir.<br \/>\nLes cookies n'enregistrent aucune information personnelle sur un utilisateur et aucune donn\u00e9e identifiable n'est stock\u00e9e. Si vous souhaitez d\u00e9sactiver l'utilisation des cookies, vous devez personnaliser les param\u00e8tres de votre ordinateur en param\u00e9trant la suppression de tous les cookies ou en activant un message d'avertissement lorsque des cookies sont stock\u00e9s. Pour continuer sans modifier l'application des cookies, il vous suffit de poursuivre votre navigation.<br \/>\nVisitez AboutCookies.org pour plus d'informations sur les cookies et la mani\u00e8re dont ils affectent votre exp\u00e9rience de navigation.<\/p>\n<h3>Les types de cookies que nous utilisons :<\/h3>\n<p><em><strong>Des biscuits indispensables<\/strong><\/em><br \/>\nCes cookies sont essentiels pour vous permettre de vous d\u00e9placer sur le site et d'utiliser pleinement ses fonctionnalit\u00e9s, telles que l'acc\u00e8s aux diff\u00e9rentes zones prot\u00e9g\u00e9es du site. Sans ces cookies, certains services n\u00e9cessaires, tels que le remplissage d'un formulaire pour un concours, ne peuvent \u00eatre utilis\u00e9s.<\/p>\n<p><em><strong>Cookie de performance<\/strong><\/em><br \/>\nCes cookies recueillent des informations sur la mani\u00e8re dont les utilisateurs se servent d'un site web, par exemple les pages les plus visit\u00e9es, si vous recevez des messages d'erreur des pages web. Ces cookies ne collectent pas d'informations permettant d'identifier un visiteur. Toutes les informations collect\u00e9es par les cookies sont agr\u00e9g\u00e9es et donc anonymes. Elles ne sont utilis\u00e9es que pour am\u00e9liorer le fonctionnement d'un site web.En utilisant notre site, vous acceptez que de tels cookies soient plac\u00e9s sur votre appareil.<\/p>\n<p><em><strong>Cookies de fonctionnalit\u00e9<\/strong><\/em><br \/>\nLes cookies permettent au site de se souvenir des choix que vous faites (tels que votre nom, votre langue ou votre r\u00e9gion) et de fournir des fonctions personnalis\u00e9es avanc\u00e9es. Ces cookies peuvent \u00e9galement \u00eatre utilis\u00e9s pour m\u00e9moriser les modifications que vous apportez \u00e0 la taille du texte, aux polices de caract\u00e8res et \u00e0 d'autres parties des pages web que vous pouvez personnaliser. Ils peuvent \u00e9galement \u00eatre utilis\u00e9s pour fournir des services que vous avez demand\u00e9s, comme regarder une vid\u00e9o ou commenter un blog. Les informations collect\u00e9es par ces types de cookies peuvent \u00eatre anonymes et ne peuvent pas suivre votre activit\u00e9 de navigation sur d'autres sites web.En utilisant notre site, vous acceptez que de tels cookies soient install\u00e9s sur votre appareil.<\/p>\n<h3>Comment g\u00e9rer les cookies sur votre PC<\/h3>\n<p>Si vous souhaitez autoriser les cookies de notre site, veuillez suivre les \u00e9tapes ci-dessous,<\/p>\n<p><strong>Google Chrome<\/strong><br \/>\n1. Cliquez sur \u201cOutils\u201d en haut de la fen\u00eatre du navigateur et s\u00e9lectionnez \"Options\".<br \/>\n2. Cliquez sur l'onglet \u2018Geek Stuff\u2019. Localisez la section \u2018Confidentialit\u00e9\u2019 et s\u00e9lectionnez le bouton \u201cParam\u00e8tres de contenu\u201d.\u201d<br \/>\n3. S\u00e9lectionnez ensuite \u2018Autoriser le param\u00e9trage des donn\u00e9es locales\u2019.\u2019<\/p>\n<p><strong>Microsoft Internet Explorer 6.0, 7.0, 8.0, 9.0<\/strong><br \/>\n1. Cliquez sur \u201cOutils\u201d en haut de la fen\u00eatre du navigateur et s\u00e9lectionnez \u2018Options Internet\u2019, puis cliquez sur l'onglet \u2018Vie priv\u00e9e\u2019.\u2019<br \/>\n2. Pour activer les cookies dans votre navigateur, assurez-vous que le niveau de confidentialit\u00e9 est r\u00e9gl\u00e9 sur Moyen ou inf\u00e9rieur,<br \/>\n3. Le fait de r\u00e9gler le niveau de confidentialit\u00e9 sur Moyen d\u00e9sactivera l'utilisation des cookies.<\/p>\n<p><strong>Mozilla Firefox<\/strong><br \/>\n1. Cliquez sur \u201cOutils\u201d en haut de la fen\u00eatre du navigateur et s\u00e9lectionnez \u201cOptions\u201d.\u201d<br \/>\n2. S\u00e9lectionnez ensuite l'ic\u00f4ne Vie priv\u00e9e<br \/>\n3. Cliquez sur Cookies, puis s\u00e9lectionnez \u2018J'autorise les sites \u00e0 utiliser des cookies\u2019.\u2019<\/p>\n<p><strong>Safari<\/strong><br \/>\n1. Cliquez sur l'ic\u00f4ne Cog en haut de la fen\u00eatre du navigateur et s\u00e9lectionnez l'option \u201cPr\u00e9f\u00e9rences\u201d.\u201d<br \/>\n2. Cliquez sur \u2018S\u00e9curit\u00e9\u2019, s\u00e9lectionnez l'option \u2018Bloquer les cookies tiers et publicitaires\u2019.\u2019<br \/>\n3. Cliquez sur \u2018Enregistrer\u2019<\/p>\n<h3>Comment g\u00e9rer les cookies sur un Mac<\/h3>\n<p>Si vous souhaitez autoriser les cookies de notre site, veuillez suivre les \u00e9tapes ci-dessous :<\/p>\n<p><strong>Microsoft Internet Explorer 5.0 sur OSX<\/strong><br \/>\n1. Cliquez sur \u2018Explorer\u2019 en haut de la fen\u00eatre du navigateur et s\u00e9lectionnez l'option \u201cPr\u00e9f\u00e9rences\u201d.\u201d<br \/>\n2. Faites d\u00e9filer vers le bas jusqu'\u00e0 ce que vous voyiez \u201cCookies\u201d dans la section Recevoir des fichiers.<br \/>\n3. S\u00e9lectionnez l'option \u2018Ne pas demander\u2019.\u2019<\/p>\n<p><strong>Safari sur OSX<\/strong><br \/>\n1. Cliquez sur \u2018Safari\u2019 en haut de la fen\u00eatre du navigateur et s\u00e9lectionnez l'option \u201cPr\u00e9f\u00e9rences\u201d.\u201d<br \/>\n2. Cliquez sur \u2018S\u00e9curit\u00e9\u2019, puis sur \u2018Accepter les cookies\u2019.\u2019<br \/>\n3. S\u00e9lectionnez \u201cUniquement \u00e0 partir du site\u201d<\/p>\n<p><strong>Mozilla et Netscape sur OSX<\/strong><br \/>\n1. Cliquez sur \u2018Mozilla\u2019 ou \u2018Netscape\u2019 en haut de la fen\u00eatre du navigateur et s\u00e9lectionnez l'option \u201cPr\u00e9f\u00e9rences\u201d.\u201d<br \/>\n2. Faites d\u00e9filer vers le bas jusqu'\u00e0 ce que les cookies soient affich\u00e9s sous \u2018Confidentialit\u00e9 et s\u00e9curit\u00e9\u2019.\u2019<br \/>\n3. S\u00e9lectionnez \u2018Activer les cookies uniquement pour le site d'origine\u2019.\u2019<\/p>\n<p><strong>Op\u00e9ra<\/strong><br \/>\n1. Cliquez sur \u2018Menu\u2019 en haut de la fen\u00eatre du navigateur et s\u00e9lectionnez \u201cParam\u00e8tres\u201d.\u201d<br \/>\n2. S\u00e9lectionnez ensuite \u201cPr\u00e9f\u00e9rences\u201d, puis l'onglet \u2018Avanc\u00e9es\u2019.\u2019<br \/>\n3. S\u00e9lectionnez ensuite l'option \u2018Accepter les cookies\u201d.\u201d<\/p>\n<h2>Google Analytics<\/h2>\n<p>Ce site utilise Google Analytics, un service d'analyse de site internet fourni par Google Inc. Google Analytics utilise des \u201ccookies\u201d. Il s'agit de fichiers texte plac\u00e9s sur votre ordinateur pour aider le site internet \u00e0 analyser l'utilisation du site par ses utilisateurs. Les informations g\u00e9n\u00e9r\u00e9es par les cookies concernant votre utilisation du site (y compris votre adresse IP anonyme) seront transmises et stock\u00e9es par Google sur des serveurs situ\u00e9s aux Etats-Unis. Google utilisera ces informations dans le but d'\u00e9valuer votre utilisation du site, de compiler des rapports sur l'activit\u00e9 du site \u00e0 destination de son \u00e9diteur et de fournir d'autres services relatifs \u00e0 l'activit\u00e9 du site et \u00e0 l'utilisation d'Internet. Google peut \u00e9galement transmettre ces informations \u00e0 des tiers lorsque la loi l'exige ou lorsque ces tiers traitent ces informations pour le compte de Google. Google ne recoupera pas votre adresse IP avec toute autre donn\u00e9e d\u00e9tenue par Google. Vous pouvez refuser l'utilisation de cookies en s\u00e9lectionnant les param\u00e8tres appropri\u00e9s de votre navigateur ; nous attirons toutefois votre attention sur le fait que, dans ce cas, vous ne pourrez peut-\u00eatre pas utiliser toutes les fonctionnalit\u00e9s de ce site web. En utilisant ce site, vous consentez express\u00e9ment au traitement de vos donn\u00e9es nominatives par Google dans les conditions et pour les finalit\u00e9s d\u00e9crites ci-dessus.<br \/>\nVous pouvez emp\u00eacher Google de d\u00e9tecter un cookie g\u00e9n\u00e9r\u00e9 par votre utilisation de ce site web (y compris votre adresse IP) et de traiter ces donn\u00e9es en t\u00e9l\u00e9chargeant et en installant ce plugin de navigateur :<a href=\"http:\/\/tools.google.com\/dlpage\/gaoptout?hl=en\" target=\"_blank\" rel=\"noopener\">http:\/\/tools.google.com\/dlpage\/gaoptout?hl=en<\/a><\/p>","protected":false},"excerpt":{"rendered":"<p>COOKIE Per rendere il nostro sito pi\u00f9 facile ed intuitivo facciamo uso dei cookie. I cookie sono piccole porzioni di dati che ci permettono di confrontare i visitatori nuovi e&#8230;<\/p>","protected":false},"author":2,"featured_media":0,"parent":0,"menu_order":0,"comment_status":"closed","ping_status":"closed","template":"","meta":{"footnotes":""},"class_list":["post-8436","page","type-page","status-publish"],"_links":{"self":[{"href":"https:\/\/dreamingsanmarinosongcontest.com\/fr\/wp-json\/wp\/v2\/pages\/8436","targetHints":{"allow":["GET"]}}],"collection":[{"href":"https:\/\/dreamingsanmarinosongcontest.com\/fr\/wp-json\/wp\/v2\/pages"}],"about":[{"href":"https:\/\/dreamingsanmarinosongcontest.com\/fr\/wp-json\/wp\/v2\/types\/page"}],"author":[{"embeddable":true,"href":"https:\/\/dreamingsanmarinosongcontest.com\/fr\/wp-json\/wp\/v2\/users\/2"}],"replies":[{"embeddable":true,"href":"https:\/\/dreamingsanmarinosongcontest.com\/fr\/wp-json\/wp\/v2\/comments?post=8436"}],"version-history":[{"count":1,"href":"https:\/\/dreamingsanmarinosongcontest.com\/fr\/wp-json\/wp\/v2\/pages\/8436\/revisions"}],"predecessor-version":[{"id":8438,"href":"https:\/\/dreamingsanmarinosongcontest.com\/fr\/wp-json\/wp\/v2\/pages\/8436\/revisions\/8438"}],"wp:attachment":[{"href":"https:\/\/dreamingsanmarinosongcontest.com\/fr\/wp-json\/wp\/v2\/media?parent=8436"}],"curies":[{"name":"wp","href":"https:\/\/api.w.org\/{rel}","templated":true}]}}