{"id":7724,"date":"2021-09-13T12:59:26","date_gmt":"2021-09-13T12:59:26","guid":{"rendered":"https:\/\/www.unavocepersanmarino.com\/?page_id=7724"},"modified":"2025-09-22T07:23:28","modified_gmt":"2025-09-22T07:23:28","slug":"storia-eurovision-rtv","status":"publish","type":"page","link":"https:\/\/dreamingsanmarinosongcontest.com\/fr\/storia-eurovision-rtv\/","title":{"rendered":"L&#039;histoire de l&#039;Eurovision RTV"},"content":{"rendered":"<div id=\"fws_69ed2bac1107d\"  data-column-margin=\"default\" data-midnight=\"dark\" data-top-percent=\"15%\"  class=\"wpb_row vc_row-fluid vc_row full-width-section\"  style=\"padding-top: calc(100vw * 0.15); padding-bottom: 0px; \"><div class=\"row-bg-wrap\" data-bg-animation=\"none\" data-bg-animation-delay=\"\" data-bg-overlay=\"true\"><div class=\"inner-wrap row-bg-layer using-image\" ><div class=\"row-bg viewport-desktop using-image\"  style=\"background-image: url(https:\/\/dreamingsanmarinosongcontest.com\/wp-content\/uploads\/2025\/09\/SanreMarino.jpg); background-position: center center; background-repeat: no-repeat; \"><\/div><\/div><div class=\"row-bg-overlay row-bg-layer\" style=\"background-color:#000000;  opacity: 0.5; \"><\/div><\/div><div class=\"row_col_wrap_12 col span_12 dark left\">\n\t<div  class=\"vc_col-sm-12 wpb_column column_container vc_column_container col no-extra-padding inherit_tablet inherit_phone\"  data-padding-pos=\"all\" data-has-bg-color=\"false\" data-bg-color=\"\" data-bg-opacity=\"1\" data-animation=\"\" data-delay=\"0\" >\n\t\t<div class=\"vc_column-inner\" >\n\t\t\t<div class=\"wpb_wrapper\">\n\t\t\t\t<h1 style=\"color: #ffffff;text-align: center\" class=\"vc_custom_heading vc_do_custom_heading\" >L&#039;histoire de l&#039;Eurovision RTV<\/h1>\n\t\t\t<\/div> \n\t\t<\/div>\n\t<\/div> \n<\/div><\/div>\n\t\t<div id=\"fws_69ed2bac1227b\"  data-column-margin=\"default\" data-midnight=\"dark\" data-top-percent=\"3%\" data-bottom-percent=\"3%\"  class=\"wpb_row vc_row-fluid vc_row\"  style=\"padding-top: calc(100vw * 0.03); padding-bottom: calc(100vw * 0.03); \"><div class=\"row-bg-wrap\" data-bg-animation=\"none\" data-bg-animation-delay=\"\" data-bg-overlay=\"false\"><div class=\"inner-wrap row-bg-layer\" ><div class=\"row-bg viewport-desktop\"  style=\"\"><\/div><\/div><\/div><div class=\"row_col_wrap_12 col span_12 dark left\">\n\t<div  class=\"vc_col-sm-12 wpb_column column_container vc_column_container col no-extra-padding inherit_tablet inherit_phone\"  data-padding-pos=\"all\" data-has-bg-color=\"false\" data-bg-color=\"\" data-bg-opacity=\"1\" data-animation=\"\" data-delay=\"0\" >\n\t\t<div class=\"vc_column-inner\" >\n\t\t\t<div class=\"wpb_wrapper\">\n\t\t\t\t\n<div class=\"wpb_text_column wpb_content_element\" >\n\t<p>La R\u00e9publique de Saint-Marin a particip\u00e9 au Concours Eurovision de la chanson en 2008 et de mani\u00e8re stable depuis 2011, avec trois finales remport\u00e9es en 2014, 2019 et 2021.<br \/>\nL&#039;\u00c9tat s&#039;\u00e9tait d\u00e9j\u00e0 int\u00e9ress\u00e9 \u00e0 l&#039;\u00e9v\u00e9nement en juin 2007 (peu apr\u00e8s la fin de la 52e \u00e9dition), puis 5 mois plus tard, le 22 novembre, venait l&#039;annonce des d\u00e9buts de la petite r\u00e9publique, dont la t\u00e9l\u00e9vision d&#039;\u00c9tat est Saint-Marin RTV . Le petit \u00c9tat est \u00e9galement le 50e \u00e0 participer \u00e0 l&#039;Eurovision.<\/p>\n<p>Saint-Marin RTV a toujours retransmis l&#039;\u00e9v\u00e9nement dans son int\u00e9gralit\u00e9, y compris la demi-finale pour laquelle elle n&#039;a pas le droit de vote. En plus de la cha\u00eene de t\u00e9l\u00e9vision, l&#039;\u00e9v\u00e9nement est \u00e9galement diffus\u00e9 \u00e0 la radio et en streaming en ligne, avec des commentaires en italien par les animateurs de radio Lia Fiorio et Gigi Restivo.<\/p>\n<\/div>\n\n\n\n<div class=\"img-with-aniamtion-wrap  custom-size\" data-max-width=\"100%\" data-max-width-mobile=\"default\" data-shadow=\"none\" data-animation=\"none\" >\n      <div class=\"inner\">\n        <div class=\"hover-wrap\"> \n          <div class=\"hover-wrap-inner\">\n            <img loading=\"lazy\" decoding=\"async\" class=\"img-with-animation skip-lazy\" data-delay=\"0\" height=\"150\" width=\"150\" data-animation=\"none\" src=\"https:\/\/dreamingsanmarinosongcontest.com\/wp-content\/uploads\/2025\/09\/Logo-RTV-Unico-150x150.png\" alt=\"\" srcset=\"https:\/\/dreamingsanmarinosongcontest.com\/wp-content\/uploads\/2025\/09\/Logo-RTV-Unico-150x150.png 150w, https:\/\/dreamingsanmarinosongcontest.com\/wp-content\/uploads\/2025\/09\/Logo-RTV-Unico-300x300.png 300w, https:\/\/dreamingsanmarinosongcontest.com\/wp-content\/uploads\/2025\/09\/Logo-RTV-Unico-12x12.png 12w, https:\/\/dreamingsanmarinosongcontest.com\/wp-content\/uploads\/2025\/09\/Logo-RTV-Unico-140x140.png 140w, https:\/\/dreamingsanmarinosongcontest.com\/wp-content\/uploads\/2025\/09\/Logo-RTV-Unico-100x100.png 100w, https:\/\/dreamingsanmarinosongcontest.com\/wp-content\/uploads\/2025\/09\/Logo-RTV-Unico-500x500.png 500w, https:\/\/dreamingsanmarinosongcontest.com\/wp-content\/uploads\/2025\/09\/Logo-RTV-Unico-350x350.png 350w, https:\/\/dreamingsanmarinosongcontest.com\/wp-content\/uploads\/2025\/09\/Logo-RTV-Unico.png 757w\" sizes=\"auto, (max-width: 150px) 100vw, 150px\" \/>\n          <\/div>\n        <\/div>\n        \n      <\/div>\n    <\/div>\n\t\t\t<\/div> \n\t\t<\/div>\n\t<\/div> \n<\/div><\/div>","protected":false},"excerpt":{"rendered":"Storia Eurovision RTV La Repubblica di San Marino ha partecipato all'Eurovision Song Contest nel 2008 e stabilmente dal 2011, con tre finali conquistate nel 2014, nel 2019 e nel 2021....","protected":false},"author":1,"featured_media":0,"parent":0,"menu_order":0,"comment_status":"closed","ping_status":"closed","template":"","meta":{"footnotes":""},"class_list":["post-7724","page","type-page","status-publish"],"_links":{"self":[{"href":"https:\/\/dreamingsanmarinosongcontest.com\/fr\/wp-json\/wp\/v2\/pages\/7724","targetHints":{"allow":["GET"]}}],"collection":[{"href":"https:\/\/dreamingsanmarinosongcontest.com\/fr\/wp-json\/wp\/v2\/pages"}],"about":[{"href":"https:\/\/dreamingsanmarinosongcontest.com\/fr\/wp-json\/wp\/v2\/types\/page"}],"author":[{"embeddable":true,"href":"https:\/\/dreamingsanmarinosongcontest.com\/fr\/wp-json\/wp\/v2\/users\/1"}],"replies":[{"embeddable":true,"href":"https:\/\/dreamingsanmarinosongcontest.com\/fr\/wp-json\/wp\/v2\/comments?post=7724"}],"version-history":[{"count":6,"href":"https:\/\/dreamingsanmarinosongcontest.com\/fr\/wp-json\/wp\/v2\/pages\/7724\/revisions"}],"predecessor-version":[{"id":9533,"href":"https:\/\/dreamingsanmarinosongcontest.com\/fr\/wp-json\/wp\/v2\/pages\/7724\/revisions\/9533"}],"wp:attachment":[{"href":"https:\/\/dreamingsanmarinosongcontest.com\/fr\/wp-json\/wp\/v2\/media?parent=7724"}],"curies":[{"name":"wp","href":"https:\/\/api.w.org\/{rel}","templated":true}]}}