{"id":7720,"date":"2021-09-13T12:52:31","date_gmt":"2021-09-13T12:52:31","guid":{"rendered":"https:\/\/www.unavocepersanmarino.com\/?page_id=7720"},"modified":"2025-10-24T13:40:24","modified_gmt":"2025-10-24T13:40:24","slug":"la-nostra-storia","status":"publish","type":"page","link":"https:\/\/dreamingsanmarinosongcontest.com\/fr\/la-nostra-storia\/","title":{"rendered":"Notre histoire"},"content":{"rendered":"<div id=\"fws_69ed97b286970\"  data-column-margin=\"default\" data-midnight=\"dark\" data-top-percent=\"15%\"  class=\"wpb_row vc_row-fluid vc_row full-width-section\"  style=\"padding-top: calc(100vw * 0.15); padding-bottom: 0px; \"><div class=\"row-bg-wrap\" data-bg-animation=\"none\" data-bg-animation-delay=\"\" data-bg-overlay=\"true\"><div class=\"inner-wrap row-bg-layer using-image\" ><div class=\"row-bg viewport-desktop using-image\"  style=\"background-image: url(https:\/\/dreamingsanmarinosongcontest.com\/wp-content\/uploads\/2025\/09\/SanreMarino.jpg); background-position: center center; background-repeat: no-repeat; \"><\/div><\/div><div class=\"row-bg-overlay row-bg-layer\" style=\"background-color:#000000;  opacity: 0.5; \"><\/div><\/div><div class=\"row_col_wrap_12 col span_12 dark left\">\n\t<div  class=\"vc_col-sm-12 wpb_column column_container vc_column_container col no-extra-padding inherit_tablet inherit_phone\"  data-padding-pos=\"all\" data-has-bg-color=\"false\" data-bg-color=\"\" data-bg-opacity=\"1\" data-animation=\"\" data-delay=\"0\" >\n\t\t<div class=\"vc_column-inner\" >\n\t\t\t<div class=\"wpb_wrapper\">\n\t\t\t\t<h1 style=\"color: #ffffff;text-align: center\" class=\"vc_custom_heading vc_do_custom_heading\" >Notre histoire<\/h1>\n\t\t\t<\/div> \n\t\t<\/div>\n\t<\/div> \n<\/div><\/div>\n\t\t<div id=\"fws_69ed97b28768b\"  data-column-margin=\"default\" data-midnight=\"dark\" data-top-percent=\"3%\" data-bottom-percent=\"3%\"  class=\"wpb_row vc_row-fluid vc_row vc_row-o-equal-height vc_row-flex vc_row-o-content-middle\"  style=\"padding-top: calc(100vw * 0.03); padding-bottom: calc(100vw * 0.03); \"><div class=\"row-bg-wrap\" data-bg-animation=\"none\" data-bg-animation-delay=\"\" data-bg-overlay=\"false\"><div class=\"inner-wrap row-bg-layer\" ><div class=\"row-bg viewport-desktop\"  style=\"\"><\/div><\/div><\/div><div class=\"row_col_wrap_12 col span_12 dark left\">\n\t<div  class=\"vc_col-sm-6 wpb_column column_container vc_column_container col no-extra-padding inherit_tablet inherit_phone\"  data-padding-pos=\"all\" data-has-bg-color=\"false\" data-bg-color=\"\" data-bg-opacity=\"1\" data-animation=\"\" data-delay=\"0\" >\n\t\t<div class=\"vc_column-inner\" >\n\t\t\t<div class=\"wpb_wrapper\">\n\t\t\t\t<h2 style=\"color: #000000;text-align: left\" class=\"vc_custom_heading vc_do_custom_heading\" >Concours de la chanson Dreaming San Marino :<br \/>\nLe format<\/h2>\n<div class=\"wpb_text_column wpb_content_element\" >\n\t<h5 style=\"text-align: left;\">L'association de la territorialit\u00e9, de la participation de nouvelles propositions consid\u00e9r\u00e9es comme des artistes \u00e9mergents et de la pr\u00e9sence d'artistes \u00e9tablis, le tout sous la banni\u00e8re de la qualit\u00e9, de l'efficacit\u00e9 musicale et de la capacit\u00e9 du concours de la chanson de Saint-Marin \u00e0 repr\u00e9senter un tremplin pour la sc\u00e8ne musicale internationale.<\/h5>\n<\/div>\n\n\n\n\n\t\t\t<\/div> \n\t\t<\/div>\n\t<\/div> \n\n\t<div  class=\"vc_col-sm-6 wpb_column column_container vc_column_container col no-extra-padding inherit_tablet inherit_phone\"  data-padding-pos=\"all\" data-has-bg-color=\"false\" data-bg-color=\"\" data-bg-opacity=\"1\" data-animation=\"\" data-delay=\"0\" >\n\t\t<div class=\"vc_column-inner\" >\n\t\t\t<div class=\"wpb_wrapper\">\n\t\t\t\t<div class=\"img-with-aniamtion-wrap center\" data-max-width=\"100%\" data-max-width-mobile=\"default\" data-shadow=\"none\" data-animation=\"none\" >\n      <div class=\"inner\">\n        <div class=\"hover-wrap\"> \n          <div class=\"hover-wrap-inner\">\n            <img loading=\"lazy\" decoding=\"async\" class=\"img-with-animation skip-lazy\" data-delay=\"0\" height=\"1707\" width=\"2560\" data-animation=\"none\" src=\"https:\/\/dreamingsanmarinosongcontest.com\/wp-content\/uploads\/2022\/08\/unavocepersanmarino_2021-scaled.jpg\" alt=\"\" srcset=\"https:\/\/dreamingsanmarinosongcontest.com\/wp-content\/uploads\/2022\/08\/unavocepersanmarino_2021-scaled.jpg 2560w, https:\/\/dreamingsanmarinosongcontest.com\/wp-content\/uploads\/2022\/08\/dreamingsanmarinosongcontest_2021-300x200.jpg 300w, https:\/\/dreamingsanmarinosongcontest.com\/wp-content\/uploads\/2022\/08\/dreamingsanmarinosongcontest_2021-1024x683.jpg 1024w, https:\/\/dreamingsanmarinosongcontest.com\/wp-content\/uploads\/2022\/08\/dreamingsanmarinosongcontest_2021-768x512.jpg 768w, https:\/\/dreamingsanmarinosongcontest.com\/wp-content\/uploads\/2022\/08\/dreamingsanmarinosongcontest_2021-1536x1024.jpg 1536w, https:\/\/dreamingsanmarinosongcontest.com\/wp-content\/uploads\/2022\/08\/dreamingsanmarinosongcontest_2021-2048x1366.jpg 2048w, https:\/\/dreamingsanmarinosongcontest.com\/wp-content\/uploads\/2022\/08\/dreamingsanmarinosongcontest_2021-18x12.jpg 18w, https:\/\/dreamingsanmarinosongcontest.com\/wp-content\/uploads\/2022\/08\/dreamingsanmarinosongcontest_2021-1920x1280.jpg 1920w\" sizes=\"auto, (max-width: 2560px) 100vw, 2560px\" \/>\n          <\/div>\n        <\/div>\n        \n      <\/div>\n    <\/div>\n\t\t\t<\/div> \n\t\t<\/div>\n\t<\/div> \n<\/div><\/div>\n\t\t<div id=\"fws_69ed97b289535\"  data-column-margin=\"default\" data-midnight=\"dark\" data-top-percent=\"3%\" data-bottom-percent=\"3%\"  class=\"wpb_row vc_row-fluid vc_row vc_row-o-equal-height vc_row-flex vc_row-o-content-middle\"  style=\"padding-top: calc(100vw * 0.03); padding-bottom: calc(100vw * 0.03); \"><div class=\"row-bg-wrap\" data-bg-animation=\"none\" data-bg-animation-delay=\"\" data-bg-overlay=\"false\"><div class=\"inner-wrap row-bg-layer\" ><div class=\"row-bg viewport-desktop\"  style=\"\"><\/div><\/div><\/div><div class=\"row_col_wrap_12 col span_12 dark left\">\n\t<div  class=\"vc_col-sm-6 wpb_column column_container vc_column_container col centered-text no-extra-padding inherit_tablet inherit_phone\"  data-padding-pos=\"all\" data-has-bg-color=\"false\" data-bg-color=\"\" data-bg-opacity=\"1\" data-animation=\"\" data-delay=\"0\" >\n\t\t<div class=\"vc_column-inner\" >\n\t\t\t<div class=\"wpb_wrapper\">\n\t\t\t\t<div class=\"img-with-aniamtion-wrap  custom-size\" data-max-width=\"100%\" data-max-width-mobile=\"default\" data-shadow=\"none\" data-animation=\"none\" >\n      <div class=\"inner\">\n        <div class=\"hover-wrap\"> \n          <div class=\"hover-wrap-inner\">\n            <img loading=\"lazy\" decoding=\"async\" class=\"img-with-animation skip-lazy\" data-delay=\"0\" height=\"133\" width=\"300\" data-animation=\"none\" src=\"https:\/\/dreamingsanmarinosongcontest.com\/wp-content\/uploads\/2021\/09\/media-evolution-logo-300x133.jpg\" alt=\"\" srcset=\"https:\/\/dreamingsanmarinosongcontest.com\/wp-content\/uploads\/2021\/09\/media-evolution-logo-300x133.jpg 300w, https:\/\/dreamingsanmarinosongcontest.com\/wp-content\/uploads\/2021\/09\/media-evolution-logo.jpg 694w\" sizes=\"auto, (max-width: 300px) 100vw, 300px\" \/>\n          <\/div>\n        <\/div>\n        \n      <\/div>\n    <\/div>\n\t\t\t<\/div> \n\t\t<\/div>\n\t<\/div> \n\n\t<div  class=\"vc_col-sm-6 wpb_column column_container vc_column_container col no-extra-padding inherit_tablet inherit_phone\"  data-padding-pos=\"all\" data-has-bg-color=\"false\" data-bg-color=\"\" data-bg-opacity=\"1\" data-animation=\"\" data-delay=\"0\" >\n\t\t<div class=\"vc_column-inner\" >\n\t\t\t<div class=\"wpb_wrapper\">\n\t\t\t\t\n<div class=\"wpb_text_column wpb_content_element\" >\n\t<p><strong>L'\u00c9VOLUTION DES M\u00c9DIAS<\/strong> est une soci\u00e9t\u00e9 de droit saint-marinais dont le si\u00e8ge social est situ\u00e9 \u00e0 Via III Settembre, 99 - Customs 47890 San Marino.<br \/>\nDirecteur unique Denny Montesi avec la nationalit\u00e9 de Saint-Marin.<\/p>\n<p>La soci\u00e9t\u00e9 a une structure actionnariale compos\u00e9e de :<br \/>\n- Denny Montesi<br \/>\n- Giordano Tittarelli<br \/>\n\u2022 Astralmusic Srl<\/p>\n<\/div>\n\n\n\n\n\t\t\t<\/div> \n\t\t<\/div>\n\t<\/div> \n<\/div><\/div>","protected":false},"excerpt":{"rendered":"La nostra storia Dreaming San Marino Song Contest: Il Format Coniugare la territorialit\u00e0, la partecipazione di nuove proposte intese come Artisti emergenti e la presenza di Artisti affermati; il tutto...","protected":false},"author":1,"featured_media":0,"parent":0,"menu_order":0,"comment_status":"closed","ping_status":"closed","template":"","meta":{"footnotes":""},"class_list":["post-7720","page","type-page","status-publish"],"_links":{"self":[{"href":"https:\/\/dreamingsanmarinosongcontest.com\/fr\/wp-json\/wp\/v2\/pages\/7720","targetHints":{"allow":["GET"]}}],"collection":[{"href":"https:\/\/dreamingsanmarinosongcontest.com\/fr\/wp-json\/wp\/v2\/pages"}],"about":[{"href":"https:\/\/dreamingsanmarinosongcontest.com\/fr\/wp-json\/wp\/v2\/types\/page"}],"author":[{"embeddable":true,"href":"https:\/\/dreamingsanmarinosongcontest.com\/fr\/wp-json\/wp\/v2\/users\/1"}],"replies":[{"embeddable":true,"href":"https:\/\/dreamingsanmarinosongcontest.com\/fr\/wp-json\/wp\/v2\/comments?post=7720"}],"version-history":[{"count":21,"href":"https:\/\/dreamingsanmarinosongcontest.com\/fr\/wp-json\/wp\/v2\/pages\/7720\/revisions"}],"predecessor-version":[{"id":9573,"href":"https:\/\/dreamingsanmarinosongcontest.com\/fr\/wp-json\/wp\/v2\/pages\/7720\/revisions\/9573"}],"wp:attachment":[{"href":"https:\/\/dreamingsanmarinosongcontest.com\/fr\/wp-json\/wp\/v2\/media?parent=7720"}],"curies":[{"name":"wp","href":"https:\/\/api.w.org\/{rel}","templated":true}]}}