{"id":7671,"date":"2021-09-03T13:44:28","date_gmt":"2021-09-03T13:44:28","guid":{"rendered":"https:\/\/www.unavocepersanmarino.com\/?page_id=7671"},"modified":"2025-10-24T14:08:26","modified_gmt":"2025-10-24T14:08:26","slug":"il-contest","status":"publish","type":"page","link":"https:\/\/dreamingsanmarinosongcontest.com\/fr\/il-contest\/","title":{"rendered":"Le concours"},"content":{"rendered":"<div id=\"fws_69ed411a4aaff\"  data-column-margin=\"default\" data-midnight=\"dark\" data-top-percent=\"15%\"  class=\"wpb_row vc_row-fluid vc_row full-width-section\"  style=\"padding-top: calc(100vw * 0.15); padding-bottom: 0px; \"><div class=\"row-bg-wrap\" data-bg-animation=\"none\" data-bg-animation-delay=\"\" data-bg-overlay=\"true\"><div class=\"inner-wrap row-bg-layer using-image\" ><div class=\"row-bg viewport-desktop using-image\"  style=\"background-image: url(https:\/\/dreamingsanmarinosongcontest.com\/wp-content\/uploads\/2025\/09\/SanreMarino.jpg); background-position: center center; background-repeat: no-repeat; \"><\/div><\/div><div class=\"row-bg-overlay row-bg-layer\" style=\"background-color:#000000;  opacity: 0.5; \"><\/div><\/div><div class=\"row_col_wrap_12 col span_12 dark left\">\n\t<div  class=\"vc_col-sm-12 wpb_column column_container vc_column_container col no-extra-padding inherit_tablet inherit_phone\"  data-padding-pos=\"all\" data-has-bg-color=\"false\" data-bg-color=\"\" data-bg-opacity=\"1\" data-animation=\"\" data-delay=\"0\" >\n\t\t<div class=\"vc_column-inner\" >\n\t\t\t<div class=\"wpb_wrapper\">\n\t\t\t\t<h1 style=\"color: #ffffff;text-align: center\" class=\"vc_custom_heading vc_do_custom_heading\" >Dreaming San Marino Song Contest : Le format<\/h1>\n\t\t\t<\/div> \n\t\t<\/div>\n\t<\/div> \n<\/div><\/div>\n\t\t<div id=\"fws_69ed411a4b888\"  data-column-margin=\"default\" data-midnight=\"dark\" data-top-percent=\"3%\" data-bottom-percent=\"3%\"  class=\"wpb_row vc_row-fluid vc_row vc_row-o-equal-height vc_row-flex vc_row-o-content-middle\"  style=\"padding-top: calc(100vw * 0.03); padding-bottom: calc(100vw * 0.03); \"><div class=\"row-bg-wrap\" data-bg-animation=\"none\" data-bg-animation-delay=\"\" data-bg-overlay=\"false\"><div class=\"inner-wrap row-bg-layer\" ><div class=\"row-bg viewport-desktop\"  style=\"\"><\/div><\/div><\/div><div class=\"row_col_wrap_12 col span_12 dark left\">\n\t<div  class=\"vc_col-sm-6 wpb_column column_container vc_column_container col no-extra-padding inherit_tablet inherit_phone\"  data-padding-pos=\"all\" data-has-bg-color=\"false\" data-bg-color=\"\" data-bg-opacity=\"1\" data-animation=\"\" data-delay=\"0\" >\n\t\t<div class=\"vc_column-inner\" >\n\t\t\t<div class=\"wpb_wrapper\">\n\t\t\t\t\n<div class=\"wpb_text_column wpb_content_element\" >\n\t<h5 style=\"text-align: left;\">En combinant la territorialit\u00e9, la participation de nouvelles propositions entendues comme des artistes \u00e9mergents et la pr\u00e9sence d'artistes confirm\u00e9s, le tout au nom de la qualit\u00e9, de l'efficacit\u00e9 musicale et de la capacit\u00e9 du Festival Dreaming San Marino Song Contest \u201cEurovision\u201d \u00e0 repr\u00e9senter un tremplin vers la sc\u00e8ne musicale internationale.<\/h5>\n<\/div>\n\n\n\n\n\t\t\t<\/div> \n\t\t<\/div>\n\t<\/div> \n\n\t<div  class=\"vc_col-sm-6 wpb_column column_container vc_column_container col no-extra-padding inherit_tablet inherit_phone\"  data-padding-pos=\"all\" data-has-bg-color=\"false\" data-bg-color=\"\" data-bg-opacity=\"1\" data-animation=\"\" data-delay=\"0\" >\n\t\t<div class=\"vc_column-inner\" >\n\t\t\t<div class=\"wpb_wrapper\">\n\t\t\t\t<div class=\"img-with-aniamtion-wrap center\" data-max-width=\"100%\" data-max-width-mobile=\"default\" data-shadow=\"none\" data-animation=\"none\" >\n      <div class=\"inner\">\n        <div class=\"hover-wrap\"> \n          <div class=\"hover-wrap-inner\">\n            <img loading=\"lazy\" decoding=\"async\" class=\"img-with-animation skip-lazy\" data-delay=\"0\" height=\"675\" width=\"1200\" data-animation=\"none\" src=\"https:\/\/dreamingsanmarinosongcontest.com\/wp-content\/uploads\/2023\/02\/Una-Voce-per-San-Marino-i-vincitori-Piqued-Jacks-con-Al-Bano-e-i-presentatori.-Valentina-Sabino.webp\" alt=\"\" srcset=\"https:\/\/dreamingsanmarinosongcontest.com\/wp-content\/uploads\/2023\/02\/Una-Voce-per-San-Marino-i-vincitori-Piqued-Jacks-con-Al-Bano-e-i-presentatori.-Valentina-Sabino.webp 1200w, https:\/\/dreamingsanmarinosongcontest.com\/wp-content\/uploads\/2023\/02\/Una-Voce-per-San-Marino-i-vincitori-Piqued-Jacks-con-Al-Bano-e-i-presentatori.-Valentina-Sabino-300x169.webp 300w, https:\/\/dreamingsanmarinosongcontest.com\/wp-content\/uploads\/2023\/02\/Una-Voce-per-San-Marino-i-vincitori-Piqued-Jacks-con-Al-Bano-e-i-presentatori.-Valentina-Sabino-1024x576.webp 1024w, https:\/\/dreamingsanmarinosongcontest.com\/wp-content\/uploads\/2023\/02\/Una-Voce-per-San-Marino-i-vincitori-Piqued-Jacks-con-Al-Bano-e-i-presentatori.-Valentina-Sabino-768x432.webp 768w, https:\/\/dreamingsanmarinosongcontest.com\/wp-content\/uploads\/2023\/02\/Una-Voce-per-San-Marino-i-vincitori-Piqued-Jacks-con-Al-Bano-e-i-presentatori.-Valentina-Sabino-18x10.webp 18w\" sizes=\"auto, (max-width: 1200px) 100vw, 1200px\" \/>\n          <\/div>\n        <\/div>\n        \n      <\/div>\n    <\/div>\n\t\t\t<\/div> \n\t\t<\/div>\n\t<\/div> \n<\/div><\/div>\n\t\t<div id=\"fws_69ed411a4ccf7\"  data-column-margin=\"default\" data-midnight=\"dark\" data-top-percent=\"3%\" data-bottom-percent=\"3%\"  class=\"wpb_row vc_row-fluid vc_row vc_row-o-equal-height vc_row-flex vc_row-o-content-middle\"  style=\"padding-top: calc(100vw * 0.03); padding-bottom: calc(100vw * 0.03); \"><div class=\"row-bg-wrap\" data-bg-animation=\"none\" data-bg-animation-delay=\"\" data-bg-overlay=\"false\"><div class=\"inner-wrap row-bg-layer\" ><div class=\"row-bg viewport-desktop\"  style=\"\"><\/div><\/div><\/div><div class=\"row_col_wrap_12 col span_12 dark left\">\n\t<div  class=\"vc_col-sm-6 wpb_column column_container vc_column_container col centered-text no-extra-padding inherit_tablet inherit_phone\"  data-padding-pos=\"all\" data-has-bg-color=\"false\" data-bg-color=\"\" data-bg-opacity=\"1\" data-animation=\"\" data-delay=\"0\" >\n\t\t<div class=\"vc_column-inner\" >\n\t\t\t<div class=\"wpb_wrapper\">\n\t\t\t\t<div class=\"img-with-aniamtion-wrap  custom-size\" data-max-width=\"100%\" data-max-width-mobile=\"default\" data-shadow=\"none\" data-animation=\"none\" >\n      <div class=\"inner\">\n        <div class=\"hover-wrap\"> \n          <div class=\"hover-wrap-inner\">\n            <img loading=\"lazy\" decoding=\"async\" class=\"img-with-animation skip-lazy\" data-delay=\"0\" height=\"133\" width=\"300\" data-animation=\"none\" src=\"https:\/\/dreamingsanmarinosongcontest.com\/wp-content\/uploads\/2021\/09\/media-evolution-logo-300x133.jpg\" alt=\"\" srcset=\"https:\/\/dreamingsanmarinosongcontest.com\/wp-content\/uploads\/2021\/09\/media-evolution-logo-300x133.jpg 300w, https:\/\/dreamingsanmarinosongcontest.com\/wp-content\/uploads\/2021\/09\/media-evolution-logo.jpg 694w\" sizes=\"auto, (max-width: 300px) 100vw, 300px\" \/>\n          <\/div>\n        <\/div>\n        \n      <\/div>\n    <\/div>\n\t\t\t<\/div> \n\t\t<\/div>\n\t<\/div> \n\n\t<div  class=\"vc_col-sm-6 wpb_column column_container vc_column_container col no-extra-padding inherit_tablet inherit_phone\"  data-padding-pos=\"all\" data-has-bg-color=\"false\" data-bg-color=\"\" data-bg-opacity=\"1\" data-animation=\"\" data-delay=\"0\" >\n\t\t<div class=\"vc_column-inner\" >\n\t\t\t<div class=\"wpb_wrapper\">\n\t\t\t\t\n<div class=\"wpb_text_column wpb_content_element\" >\n\t<p><strong>L'\u00c9VOLUTION DES M\u00c9DIAS<\/strong> est une soci\u00e9t\u00e9 de droit saint-marinais dont le si\u00e8ge social est situ\u00e9 \u00e0 Via III Settembre, 99 - Customs 47890 San Marino.<br \/>\nDirecteur unique Denny Montesi avec la nationalit\u00e9 de Saint-Marin.<\/p>\n<p>La soci\u00e9t\u00e9 a une structure actionnariale compos\u00e9e de :<br \/>\n- Denny Montesi<br \/>\n- Giordano Tittarelli<br \/>\n\u2022 Astralmusic Srl<\/p>\n<\/div>\n\n\n\n\n\t\t\t<\/div> \n\t\t<\/div>\n\t<\/div> \n<\/div><\/div>","protected":false},"excerpt":{"rendered":"Dreaming San Marino Song Contest : The Format Combiner la territorialit\u00e9, la participation de nouvelles propositions entendues comme des artistes \u00e9mergents et la pr\u00e9sence d'artistes confirm\u00e9s ; le tout sous la banni\u00e8re de la qualit\u00e9,...","protected":false},"author":2,"featured_media":0,"parent":0,"menu_order":0,"comment_status":"closed","ping_status":"closed","template":"","meta":{"footnotes":""},"class_list":["post-7671","page","type-page","status-publish"],"_links":{"self":[{"href":"https:\/\/dreamingsanmarinosongcontest.com\/fr\/wp-json\/wp\/v2\/pages\/7671","targetHints":{"allow":["GET"]}}],"collection":[{"href":"https:\/\/dreamingsanmarinosongcontest.com\/fr\/wp-json\/wp\/v2\/pages"}],"about":[{"href":"https:\/\/dreamingsanmarinosongcontest.com\/fr\/wp-json\/wp\/v2\/types\/page"}],"author":[{"embeddable":true,"href":"https:\/\/dreamingsanmarinosongcontest.com\/fr\/wp-json\/wp\/v2\/users\/2"}],"replies":[{"embeddable":true,"href":"https:\/\/dreamingsanmarinosongcontest.com\/fr\/wp-json\/wp\/v2\/comments?post=7671"}],"version-history":[{"count":21,"href":"https:\/\/dreamingsanmarinosongcontest.com\/fr\/wp-json\/wp\/v2\/pages\/7671\/revisions"}],"predecessor-version":[{"id":9583,"href":"https:\/\/dreamingsanmarinosongcontest.com\/fr\/wp-json\/wp\/v2\/pages\/7671\/revisions\/9583"}],"wp:attachment":[{"href":"https:\/\/dreamingsanmarinosongcontest.com\/fr\/wp-json\/wp\/v2\/media?parent=7671"}],"curies":[{"name":"wp","href":"https:\/\/api.w.org\/{rel}","templated":true}]}}