{"id":3,"date":"2021-09-02T08:06:14","date_gmt":"2021-09-02T08:06:14","guid":{"rendered":"https:\/\/www.unavocepersanmarino.com\/?page_id=3"},"modified":"2022-11-01T14:52:23","modified_gmt":"2022-11-01T14:52:23","slug":"privacy-policy","status":"publish","type":"page","link":"https:\/\/dreamingsanmarinosongcontest.com\/fr\/privacy-policy\/","title":{"rendered":"Politique de confidentialit\u00e9"},"content":{"rendered":"<div id=\"fws_69ed55df98457\"  data-column-margin=\"default\" data-midnight=\"dark\"  class=\"wpb_row vc_row-fluid vc_row\"  style=\"padding-top: 0px; padding-bottom: 0px; \"><div class=\"row-bg-wrap\" data-bg-animation=\"none\" data-bg-animation-delay=\"\" data-bg-overlay=\"false\"><div class=\"inner-wrap row-bg-layer\" ><div class=\"row-bg viewport-desktop\"  style=\"\"><\/div><\/div><\/div><div class=\"row_col_wrap_12 col span_12 dark left\">\n\t<div  class=\"vc_col-sm-12 wpb_column column_container vc_column_container col no-extra-padding inherit_tablet inherit_phone\"  data-padding-pos=\"all\" data-has-bg-color=\"false\" data-bg-color=\"\" data-bg-opacity=\"1\" data-animation=\"\" data-delay=\"0\" >\n\t\t<div class=\"vc_column-inner\" >\n\t\t\t<div class=\"wpb_wrapper\">\n\t\t\t\t\n<div class=\"wpb_text_column wpb_content_element\" >\n\t<h2 class=\"wp-block-heading\">Page dans Setup<\/h2>\n<h2>Qui sommes-nous ?<\/h2>\n<p><strong class=\"privacy-policy-tutorial\">Texte propos\u00e9 : <\/strong>L'adresse de notre site web est la suivante : <a href=\"https:\/\/dreamingsanmarinosongcontest.com\/fr\/\">dreamingsanmarinosongcontest.com<\/a>.<\/p>\n<h2 class=\"wp-block-heading\">Commentaires<\/h2>\n<p><strong class=\"privacy-policy-tutorial\">Texte propos\u00e9 : <\/strong>Lorsque les visiteurs laissent des commentaires sur le site, nous recueillons les donn\u00e9es figurant dans le formulaire de commentaires, ainsi que l'adresse IP du visiteur et la cha\u00eene de l'agent utilisateur du navigateur pour faciliter la d\u00e9tection des spams.<\/p>\n<p>Une cha\u00eene anonyme cr\u00e9\u00e9e \u00e0 partir de votre adresse \u00e9lectronique (\u00e9galement appel\u00e9e \"hash\") peut \u00eatre fournie au service Gravatar pour v\u00e9rifier si vous l'utilisez. La politique de confidentialit\u00e9 du service Gravatar est disponible ici : https:\/\/automattic.com\/privacy\/. Apr\u00e8s approbation de votre commentaire, votre photo de profil est visible par le public dans le contexte de votre commentaire.<\/p>\n<h2 class=\"wp-block-heading\">Les m\u00e9dias<\/h2>\n<p><strong class=\"privacy-policy-tutorial\">Texte propos\u00e9 : <\/strong>Si vous t\u00e9l\u00e9chargez des images sur le site web, vous devez \u00e9viter de t\u00e9l\u00e9charger des images contenant des donn\u00e9es de localisation int\u00e9gr\u00e9es (EXIF GPS). Les visiteurs du site web peuvent t\u00e9l\u00e9charger et extraire toutes les donn\u00e9es de localisation des images sur le site web.<\/p>\n<p>&nbsp;<\/p>\n<\/div>\n\n\n\n\n\t\t\t<\/div> \n\t\t<\/div>\n\t<\/div> \n<\/div><\/div>","protected":false},"excerpt":{"rendered":"Pagina in Allestimento Who we are Suggested text: Our website address is: dreamingsanmarinosongcontest.com. Comments Suggested text: When visitors leave comments on the site we collect the data shown in the...","protected":false},"author":1,"featured_media":0,"parent":0,"menu_order":0,"comment_status":"closed","ping_status":"open","template":"","meta":{"footnotes":""},"class_list":["post-3","page","type-page","status-publish"],"_links":{"self":[{"href":"https:\/\/dreamingsanmarinosongcontest.com\/fr\/wp-json\/wp\/v2\/pages\/3","targetHints":{"allow":["GET"]}}],"collection":[{"href":"https:\/\/dreamingsanmarinosongcontest.com\/fr\/wp-json\/wp\/v2\/pages"}],"about":[{"href":"https:\/\/dreamingsanmarinosongcontest.com\/fr\/wp-json\/wp\/v2\/types\/page"}],"author":[{"embeddable":true,"href":"https:\/\/dreamingsanmarinosongcontest.com\/fr\/wp-json\/wp\/v2\/users\/1"}],"replies":[{"embeddable":true,"href":"https:\/\/dreamingsanmarinosongcontest.com\/fr\/wp-json\/wp\/v2\/comments?post=3"}],"version-history":[{"count":2,"href":"https:\/\/dreamingsanmarinosongcontest.com\/fr\/wp-json\/wp\/v2\/pages\/3\/revisions"}],"predecessor-version":[{"id":8589,"href":"https:\/\/dreamingsanmarinosongcontest.com\/fr\/wp-json\/wp\/v2\/pages\/3\/revisions\/8589"}],"wp:attachment":[{"href":"https:\/\/dreamingsanmarinosongcontest.com\/fr\/wp-json\/wp\/v2\/media?parent=3"}],"curies":[{"name":"wp","href":"https:\/\/api.w.org\/{rel}","templated":true}]}}